{"id":9,"date":"2018-11-26T12:46:44","date_gmt":"2018-11-26T12:46:44","guid":{"rendered":"http:\/\/zpkomerc.ba\/projects\/"},"modified":"2021-10-25T22:48:46","modified_gmt":"2021-10-25T22:48:46","slug":"proizvodnja","status":"publish","type":"page","link":"http:\/\/zpkomerc.ba\/?page_id=9","title":{"rendered":"Proizvodnja"},"content":{"rendered":"\t\t<div data-elementor-type=\"wp-post\" data-elementor-id=\"9\" class=\"elementor elementor-9\" data-elementor-settings=\"[]\">\n\t\t\t\t\t\t\t<div class=\"elementor-section-wrap\">\n\t\t\t\t\t\t\t<section class=\"elementor-section elementor-top-section elementor-element elementor-element-8e491de elementor-section-content-middle elementor-section-boxed elementor-section-height-default elementor-section-height-default\" data-id=\"8e491de\" data-element_type=\"section\" data-settings=\"{&quot;background_background&quot;:&quot;classic&quot;}\">\n\t\t\t\t\t\t\t<div class=\"elementor-background-overlay\"><\/div>\n\t\t\t\t\t\t\t<div class=\"elementor-container elementor-column-gap-no\">\n\t\t\t\t\t<div class=\"elementor-column elementor-col-100 elementor-top-column elementor-element elementor-element-fb027eb\" data-id=\"fb027eb\" data-element_type=\"column\">\n\t\t\t<div class=\"elementor-widget-wrap elementor-element-populated\">\n\t\t\t\t\t\t\t\t<div class=\"elementor-element elementor-element-02d282c elementor-widget elementor-widget-heading\" data-id=\"02d282c\" data-element_type=\"widget\" data-widget_type=\"heading.default\">\n\t\t\t\t<div class=\"elementor-widget-container\">\n\t\t\t<h1 class=\"elementor-heading-title elementor-size-default\">Proizvodnja<\/h1>\t\t<\/div>\n\t\t\t\t<\/div>\n\t\t\t\t\t<\/div>\n\t\t<\/div>\n\t\t\t\t\t\t\t<\/div>\n\t\t<\/section>\n\t\t\t\t<section class=\"elementor-section elementor-top-section elementor-element elementor-element-eaee997 elementor-section-boxed elementor-section-height-default elementor-section-height-default\" data-id=\"eaee997\" data-element_type=\"section\">\n\t\t\t\t\t\t<div class=\"elementor-container elementor-column-gap-default\">\n\t\t\t\t\t<div class=\"elementor-column elementor-col-100 elementor-top-column elementor-element elementor-element-33b9176\" data-id=\"33b9176\" data-element_type=\"column\">\n\t\t\t<div class=\"elementor-widget-wrap elementor-element-populated\">\n\t\t\t\t\t\t\t\t<div class=\"elementor-element elementor-element-041d7c5 elementor-widget elementor-widget-spacer\" data-id=\"041d7c5\" data-element_type=\"widget\" data-widget_type=\"spacer.default\">\n\t\t\t\t<div class=\"elementor-widget-container\">\n\t\t\t\t\t<div class=\"elementor-spacer\">\n\t\t\t<div class=\"elementor-spacer-inner\"><\/div>\n\t\t<\/div>\n\t\t\t\t<\/div>\n\t\t\t\t<\/div>\n\t\t\t\t\t<\/div>\n\t\t<\/div>\n\t\t\t\t\t\t\t<\/div>\n\t\t<\/section>\n\t\t\t\t<section class=\"elementor-section elementor-top-section elementor-element elementor-element-2941ee4 elementor-section-boxed elementor-section-height-default elementor-section-height-default\" data-id=\"2941ee4\" data-element_type=\"section\">\n\t\t\t\t\t\t<div class=\"elementor-container elementor-column-gap-default\">\n\t\t\t\t\t<div class=\"elementor-column elementor-col-100 elementor-top-column elementor-element elementor-element-63e77d3\" data-id=\"63e77d3\" data-element_type=\"column\">\n\t\t\t<div class=\"elementor-widget-wrap elementor-element-populated\">\n\t\t\t\t\t\t\t\t<div class=\"elementor-element elementor-element-0fd7715 elementor-aspect-ratio-169 elementor-widget elementor-widget-video\" data-id=\"0fd7715\" data-element_type=\"widget\" data-settings=\"{&quot;video_type&quot;:&quot;hosted&quot;,&quot;autoplay&quot;:&quot;yes&quot;,&quot;play_on_mobile&quot;:&quot;yes&quot;,&quot;mute&quot;:&quot;yes&quot;,&quot;aspect_ratio&quot;:&quot;169&quot;}\" data-widget_type=\"video.default\">\n\t\t\t\t<div class=\"elementor-widget-container\">\n\t\t\t\t\t<div class=\"e-hosted-video elementor-wrapper elementor-fit-aspect-ratio elementor-open-inline\">\n\t\t\t\t\t<video class=\"elementor-video\" src=\"http:\/\/zpkomerc.ba\/wp-content\/uploads\/2021\/10\/zp_farma.mov\" autoplay=\"\" muted=\"muted\" playsinline=\"\" controlsList=\"nodownload\"><\/video>\n\t\t\t\t<\/div>\n\t\t\t\t<\/div>\n\t\t\t\t<\/div>\n\t\t\t\t\t<\/div>\n\t\t<\/div>\n\t\t\t\t\t\t\t<\/div>\n\t\t<\/section>\n\t\t\t\t<section class=\"elementor-section elementor-top-section elementor-element elementor-element-d2a886d elementor-section-boxed elementor-section-height-default elementor-section-height-default\" data-id=\"d2a886d\" data-element_type=\"section\">\n\t\t\t\t\t\t<div class=\"elementor-container elementor-column-gap-default\">\n\t\t\t\t\t<div class=\"elementor-column elementor-col-100 elementor-top-column elementor-element elementor-element-06c68cb\" data-id=\"06c68cb\" data-element_type=\"column\">\n\t\t\t<div class=\"elementor-widget-wrap elementor-element-populated\">\n\t\t\t\t\t\t\t\t<div class=\"elementor-element elementor-element-fee5b59 elementor-widget elementor-widget-spacer\" data-id=\"fee5b59\" data-element_type=\"widget\" data-widget_type=\"spacer.default\">\n\t\t\t\t<div class=\"elementor-widget-container\">\n\t\t\t\t\t<div class=\"elementor-spacer\">\n\t\t\t<div class=\"elementor-spacer-inner\"><\/div>\n\t\t<\/div>\n\t\t\t\t<\/div>\n\t\t\t\t<\/div>\n\t\t\t\t\t<\/div>\n\t\t<\/div>\n\t\t\t\t\t\t\t<\/div>\n\t\t<\/section>\n\t\t\t\t<section class=\"elementor-section elementor-top-section elementor-element elementor-element-90f928c elementor-section-boxed elementor-section-height-default elementor-section-height-default\" data-id=\"90f928c\" data-element_type=\"section\">\n\t\t\t\t\t\t<div class=\"elementor-container elementor-column-gap-default\">\n\t\t\t\t\t<div class=\"elementor-column elementor-col-50 elementor-top-column elementor-element elementor-element-a78a4a4\" data-id=\"a78a4a4\" data-element_type=\"column\">\n\t\t\t<div class=\"elementor-widget-wrap elementor-element-populated\">\n\t\t\t\t\t\t\t\t<div class=\"elementor-element elementor-element-ae2ffcf elementor-widget elementor-widget-text-editor\" data-id=\"ae2ffcf\" data-element_type=\"widget\" data-widget_type=\"text-editor.default\">\n\t\t\t\t<div class=\"elementor-widget-container\">\n\t\t\t\t\t\t\t\t<p>\u00a0<\/p><p><strong>Farme za proizvodnju junadi<\/strong> su tako\u0111e moderno organizovane i na njima se u godi\u0161nje tovi preko 6.500 junadi. Zaokru\u017euju\u0107i proizvodni ciklus, Mesna industrija \u201eZP KOMERC\u201c je orijentisana na doma\u0107u proizvodnju iz vlastitog tova i na doma\u0107u kooperativnu proizvodnju. Visokokvalitetne sirovine, iz vlastite doma\u0107e proizvodnje, prera\u0111uju se kori\u0161\u0107enjem tradicionalnih recepata, a kao krajnji rezultat proizvodnje je paleta od<strong> preko 120<\/strong> suvomesnatih proizvoda koji se distribuiraju na cijeloj teritoriji Bosne i Hercegovine<\/p>\t\t\t\t\t\t<\/div>\n\t\t\t\t<\/div>\n\t\t\t\t\t<\/div>\n\t\t<\/div>\n\t\t\t\t<div class=\"elementor-column elementor-col-50 elementor-top-column elementor-element elementor-element-8197223\" data-id=\"8197223\" data-element_type=\"column\">\n\t\t\t<div class=\"elementor-widget-wrap elementor-element-populated\">\n\t\t\t\t\t\t\t\t<div class=\"elementor-element elementor-element-cdfe6fe elementor-widget elementor-widget-image\" data-id=\"cdfe6fe\" data-element_type=\"widget\" data-widget_type=\"image.default\">\n\t\t\t\t<div class=\"elementor-widget-container\">\n\t\t\t\t\t\t\t\t\t\t\t\t\t\t\t<img width=\"1024\" height=\"576\" src=\"http:\/\/zpkomerc.ba\/wp-content\/uploads\/2021\/07\/Capture11-1024x576.png\" class=\"attachment-large size-large\" alt=\"\" loading=\"lazy\" srcset=\"http:\/\/zpkomerc.ba\/wp-content\/uploads\/2021\/07\/Capture11-1024x576.png 1024w, http:\/\/zpkomerc.ba\/wp-content\/uploads\/2021\/07\/Capture11-300x169.png 300w, http:\/\/zpkomerc.ba\/wp-content\/uploads\/2021\/07\/Capture11-768x432.png 768w, http:\/\/zpkomerc.ba\/wp-content\/uploads\/2021\/07\/Capture11-1536x864.png 1536w, http:\/\/zpkomerc.ba\/wp-content\/uploads\/2021\/07\/Capture11.png 1920w\" sizes=\"(max-width: 1024px) 100vw, 1024px\" \/>\t\t\t\t\t\t\t\t\t\t\t\t\t\t\t<\/div>\n\t\t\t\t<\/div>\n\t\t\t\t\t<\/div>\n\t\t<\/div>\n\t\t\t\t\t\t\t<\/div>\n\t\t<\/section>\n\t\t\t\t<section class=\"elementor-section elementor-top-section elementor-element elementor-element-e4937a8 elementor-section-boxed elementor-section-height-default elementor-section-height-default\" data-id=\"e4937a8\" data-element_type=\"section\">\n\t\t\t\t\t\t<div class=\"elementor-container elementor-column-gap-default\">\n\t\t\t\t\t\t\t\t<\/div>\n\t\t<\/section>\n\t\t\t\t<section class=\"elementor-section elementor-top-section elementor-element elementor-element-deacf28 elementor-section-content-top elementor-section-boxed elementor-section-height-default elementor-section-height-default\" data-id=\"deacf28\" data-element_type=\"section\" data-settings=\"{&quot;background_background&quot;:&quot;classic&quot;}\">\n\t\t\t\t\t\t<div class=\"elementor-container elementor-column-gap-no\">\n\t\t\t\t\t<div class=\"elementor-column elementor-col-50 elementor-top-column elementor-element elementor-element-532b1a3\" data-id=\"532b1a3\" data-element_type=\"column\">\n\t\t\t<div class=\"elementor-widget-wrap elementor-element-populated\">\n\t\t\t\t\t\t\t\t<div class=\"elementor-element elementor-element-63ed4e1 elementor-widget elementor-widget-image\" data-id=\"63ed4e1\" data-element_type=\"widget\" data-widget_type=\"image.default\">\n\t\t\t\t<div class=\"elementor-widget-container\">\n\t\t\t\t\t\t\t\t\t\t\t\t\t\t\t<img width=\"1920\" height=\"1080\" src=\"http:\/\/zpkomerc.ba\/wp-content\/uploads\/2021\/07\/Capture16.png\" class=\"attachment-full size-full\" alt=\"\" loading=\"lazy\" srcset=\"http:\/\/zpkomerc.ba\/wp-content\/uploads\/2021\/07\/Capture16.png 1920w, http:\/\/zpkomerc.ba\/wp-content\/uploads\/2021\/07\/Capture16-300x169.png 300w, http:\/\/zpkomerc.ba\/wp-content\/uploads\/2021\/07\/Capture16-1024x576.png 1024w, http:\/\/zpkomerc.ba\/wp-content\/uploads\/2021\/07\/Capture16-768x432.png 768w, http:\/\/zpkomerc.ba\/wp-content\/uploads\/2021\/07\/Capture16-1536x864.png 1536w\" sizes=\"(max-width: 1920px) 100vw, 1920px\" \/>\t\t\t\t\t\t\t\t\t\t\t\t\t\t\t<\/div>\n\t\t\t\t<\/div>\n\t\t\t\t<div class=\"elementor-element elementor-element-7a6f049 elementor-widget elementor-widget-heading\" data-id=\"7a6f049\" data-element_type=\"widget\" data-widget_type=\"heading.default\">\n\t\t\t\t<div class=\"elementor-widget-container\">\n\t\t\t<h4 class=\"elementor-heading-title elementor-size-default\">\u201eZP KOMERC\u201c je organizovan kao Mesna industrija i u svom sastavu posjeduje:<br><\/h4>\t\t<\/div>\n\t\t\t\t<\/div>\n\t\t\t\t<div class=\"elementor-element elementor-element-cce07c5 elementor-widget elementor-widget-text-editor\" data-id=\"cce07c5\" data-element_type=\"widget\" data-widget_type=\"text-editor.default\">\n\t\t\t\t<div class=\"elementor-widget-container\">\n\t\t\t\t\t\t\t\t<ul><li>Repro-centar za proizvodnju svinja;<\/li><li>Farmu za proizvodnju junadi i<\/li><li>Klaonicu<\/li><li>Proizvodni pogon za proizvodnju mesa i mesnih prera\u0111evina.<\/li><\/ul>\t\t\t\t\t\t<\/div>\n\t\t\t\t<\/div>\n\t\t\t\t\t<\/div>\n\t\t<\/div>\n\t\t\t\t<div class=\"elementor-column elementor-col-50 elementor-top-column elementor-element elementor-element-783a841\" data-id=\"783a841\" data-element_type=\"column\">\n\t\t\t<div class=\"elementor-widget-wrap elementor-element-populated\">\n\t\t\t\t\t\t\t\t<div class=\"elementor-element elementor-element-239795e elementor-widget elementor-widget-image\" data-id=\"239795e\" data-element_type=\"widget\" data-widget_type=\"image.default\">\n\t\t\t\t<div class=\"elementor-widget-container\">\n\t\t\t\t\t\t\t\t\t\t\t\t\t\t\t<img width=\"1920\" height=\"1080\" src=\"http:\/\/zpkomerc.ba\/wp-content\/uploads\/2021\/07\/Capture17.png\" class=\"attachment-full size-full\" alt=\"\" loading=\"lazy\" srcset=\"http:\/\/zpkomerc.ba\/wp-content\/uploads\/2021\/07\/Capture17.png 1920w, http:\/\/zpkomerc.ba\/wp-content\/uploads\/2021\/07\/Capture17-300x169.png 300w, http:\/\/zpkomerc.ba\/wp-content\/uploads\/2021\/07\/Capture17-1024x576.png 1024w, http:\/\/zpkomerc.ba\/wp-content\/uploads\/2021\/07\/Capture17-768x432.png 768w, http:\/\/zpkomerc.ba\/wp-content\/uploads\/2021\/07\/Capture17-1536x864.png 1536w\" sizes=\"(max-width: 1920px) 100vw, 1920px\" \/>\t\t\t\t\t\t\t\t\t\t\t\t\t\t\t<\/div>\n\t\t\t\t<\/div>\n\t\t\t\t<div class=\"elementor-element elementor-element-eacaa3d elementor-widget elementor-widget-heading\" data-id=\"eacaa3d\" data-element_type=\"widget\" data-widget_type=\"heading.default\">\n\t\t\t\t<div class=\"elementor-widget-container\">\n\t\t\t<h4 class=\"elementor-heading-title elementor-size-default\">\u201eZP KOMERC\u201c je prvi u Bosni i Hercegovini razvio dva sopstvena Repro-centra za proizvodnju svinja:<\/h4>\t\t<\/div>\n\t\t\t\t<\/div>\n\t\t\t\t<div class=\"elementor-element elementor-element-cb2e961 elementor-widget elementor-widget-text-editor\" data-id=\"cb2e961\" data-element_type=\"widget\" data-widget_type=\"text-editor.default\">\n\t\t\t\t<div class=\"elementor-widget-container\">\n\t\t\t\t\t\t\t\t<ul><li>Centar za vje\u0161ta\u010dku oplodnju<\/li><li>prostorije koje \u010dine porodili\u0161te za svinje<\/li><li>prostorije za odgoj<\/li><li>pripustili\u0161te i \u010dekali\u0161te<\/li><\/ul>\t\t\t\t\t\t<\/div>\n\t\t\t\t<\/div>\n\t\t\t\t\t<\/div>\n\t\t<\/div>\n\t\t\t\t\t\t\t<\/div>\n\t\t<\/section>\n\t\t\t\t<section class=\"elementor-section elementor-top-section elementor-element elementor-element-ee86667 elementor-section-boxed elementor-section-height-default elementor-section-height-default\" data-id=\"ee86667\" data-element_type=\"section\">\n\t\t\t\t\t\t<div class=\"elementor-container elementor-column-gap-default\">\n\t\t\t\t\t<div class=\"elementor-column elementor-col-100 elementor-top-column elementor-element elementor-element-f623125\" data-id=\"f623125\" data-element_type=\"column\">\n\t\t\t<div class=\"elementor-widget-wrap elementor-element-populated\">\n\t\t\t\t\t\t\t\t<div class=\"elementor-element elementor-element-c8c9c2c elementor-widget elementor-widget-text-editor\" data-id=\"c8c9c2c\" data-element_type=\"widget\" data-widget_type=\"text-editor.default\">\n\t\t\t\t<div class=\"elementor-widget-container\">\n\t\t\t\t\t\t\t\t<h5>U repro \u2013 centrima se nalazi 1.350 krma\u010da \u2013 prasilja, tako da godi\u0161nja proizvodnja iznosi oko 40.000 svinja.<\/h5>\t\t\t\t\t\t<\/div>\n\t\t\t\t<\/div>\n\t\t\t\t\t<\/div>\n\t\t<\/div>\n\t\t\t\t\t\t\t<\/div>\n\t\t<\/section>\n\t\t\t\t<section class=\"elementor-section elementor-top-section elementor-element elementor-element-d38e112 elementor-section-boxed elementor-section-height-default elementor-section-height-default\" data-id=\"d38e112\" data-element_type=\"section\">\n\t\t\t\t\t\t<div class=\"elementor-container elementor-column-gap-default\">\n\t\t\t\t\t\t\t\t<\/div>\n\t\t<\/section>\n\t\t\t\t<section class=\"elementor-section elementor-top-section elementor-element elementor-element-d70e12f elementor-section-boxed elementor-section-height-default elementor-section-height-default\" data-id=\"d70e12f\" data-element_type=\"section\">\n\t\t\t\t\t\t<div class=\"elementor-container elementor-column-gap-default\">\n\t\t\t\t\t\t\t\t<\/div>\n\t\t<\/section>\n\t\t\t\t<section class=\"elementor-section elementor-top-section elementor-element elementor-element-0e4060b elementor-section-boxed elementor-section-height-default elementor-section-height-default\" data-id=\"0e4060b\" data-element_type=\"section\">\n\t\t\t\t\t\t<div class=\"elementor-container elementor-column-gap-default\">\n\t\t\t\t\t<div class=\"elementor-column elementor-col-100 elementor-top-column elementor-element elementor-element-4c013f0\" data-id=\"4c013f0\" data-element_type=\"column\">\n\t\t\t<div class=\"elementor-widget-wrap elementor-element-populated\">\n\t\t\t\t\t\t\t\t<div class=\"elementor-element elementor-element-9d72f04 elementor-widget elementor-widget-spacer\" data-id=\"9d72f04\" data-element_type=\"widget\" data-widget_type=\"spacer.default\">\n\t\t\t\t<div class=\"elementor-widget-container\">\n\t\t\t\t\t<div class=\"elementor-spacer\">\n\t\t\t<div class=\"elementor-spacer-inner\"><\/div>\n\t\t<\/div>\n\t\t\t\t<\/div>\n\t\t\t\t<\/div>\n\t\t\t\t\t<\/div>\n\t\t<\/div>\n\t\t\t\t\t\t\t<\/div>\n\t\t<\/section>\n\t\t\t\t\t\t<\/div>\n\t\t\t\t\t<\/div>\n\t\t","protected":false},"excerpt":{"rendered":"<p>Proizvodnja http:\/\/zpkomerc.ba\/wp-content\/uploads\/2021\/10\/zp_farma.mov \u00a0 Farme za proizvodnju junadi su tako\u0111e moderno organizovane i na njima se u godi\u0161nje tovi preko 6.500 junadi. Zaokru\u017euju\u0107i proizvodni ciklus, Mesna industrija \u201eZP KOMERC\u201c je orijentisana na doma\u0107u proizvodnju iz vlastitog tova i na doma\u0107u kooperativnu proizvodnju. Visokokvalitetne sirovine, iz vlastite doma\u0107e proizvodnje, prera\u0111uju se kori\u0161\u0107enjem tradicionalnih recepata, a kao krajnji &hellip;<\/p>\n<p class=\"read-more\"> <a class=\"\" href=\"http:\/\/zpkomerc.ba\/?page_id=9\"> <span class=\"screen-reader-text\">Proizvodnja<\/span> Read More &raquo;<\/a><\/p>\n","protected":false},"author":1,"featured_media":0,"parent":0,"menu_order":0,"comment_status":"closed","ping_status":"closed","template":"","meta":[],"_links":{"self":[{"href":"http:\/\/zpkomerc.ba\/index.php?rest_route=\/wp\/v2\/pages\/9"}],"collection":[{"href":"http:\/\/zpkomerc.ba\/index.php?rest_route=\/wp\/v2\/pages"}],"about":[{"href":"http:\/\/zpkomerc.ba\/index.php?rest_route=\/wp\/v2\/types\/page"}],"author":[{"embeddable":true,"href":"http:\/\/zpkomerc.ba\/index.php?rest_route=\/wp\/v2\/users\/1"}],"replies":[{"embeddable":true,"href":"http:\/\/zpkomerc.ba\/index.php?rest_route=%2Fwp%2Fv2%2Fcomments&post=9"}],"version-history":[{"count":37,"href":"http:\/\/zpkomerc.ba\/index.php?rest_route=\/wp\/v2\/pages\/9\/revisions"}],"predecessor-version":[{"id":798,"href":"http:\/\/zpkomerc.ba\/index.php?rest_route=\/wp\/v2\/pages\/9\/revisions\/798"}],"wp:attachment":[{"href":"http:\/\/zpkomerc.ba\/index.php?rest_route=%2Fwp%2Fv2%2Fmedia&parent=9"}],"curies":[{"name":"wp","href":"https:\/\/api.w.org\/{rel}","templated":true}]}}